{"id":494,"date":"2026-01-07T20:42:29","date_gmt":"2026-01-07T19:42:29","guid":{"rendered":"https:\/\/mission-romualdarlette.fr\/?page_id=494"},"modified":"2026-01-13T11:06:59","modified_gmt":"2026-01-13T10:06:59","slug":"actualites","status":"publish","type":"page","link":"https:\/\/mission-romualdarlette.fr\/index.php\/actualites\/","title":{"rendered":"Actualit\u00e9s"},"content":{"rendered":"\t\t<div data-elementor-type=\"wp-page\" data-elementor-id=\"494\" class=\"elementor elementor-494\" data-elementor-post-type=\"page\">\n\t\t\t\t\t\t<section class=\"elementor-section elementor-top-section elementor-element elementor-element-673bc68a elementor-section-boxed elementor-section-height-default elementor-section-height-default\" data-id=\"673bc68a\" data-element_type=\"section\" data-settings=\"{&quot;background_background&quot;:&quot;classic&quot;,&quot;ekit_has_onepagescroll_dot&quot;:&quot;yes&quot;}\">\n\t\t\t\t\t\t\t<div class=\"elementor-background-overlay\"><\/div>\n\t\t\t\t\t\t\t<div class=\"elementor-container elementor-column-gap-default\">\n\t\t\t\t\t<div class=\"elementor-column elementor-col-100 elementor-top-column elementor-element elementor-element-58eeaacf\" data-id=\"58eeaacf\" data-element_type=\"column\">\n\t\t\t<div class=\"elementor-widget-wrap elementor-element-populated\">\n\t\t\t\t\t\t<div class=\"elementor-element elementor-element-8dcb8ff animated-slow elementor-invisible elementor-widget elementor-widget-heading\" data-id=\"8dcb8ff\" data-element_type=\"widget\" data-settings=\"{&quot;_animation&quot;:&quot;fadeInLeft&quot;,&quot;ekit_we_effect_on&quot;:&quot;none&quot;}\" data-widget_type=\"heading.default\">\n\t\t\t\t\t<h2 class=\"elementor-heading-title elementor-size-default\">Actualit\u00e9s<\/h2>\t\t\t\t<\/div>\n\t\t\t\t\t<\/div>\n\t\t<\/div>\n\t\t\t\t\t<\/div>\n\t\t<\/section>\n\t\t\t\t<section class=\"elementor-section elementor-top-section elementor-element elementor-element-7b05eaa4 elementor-section-boxed elementor-section-height-default elementor-section-height-default\" data-id=\"7b05eaa4\" data-element_type=\"section\" data-settings=\"{&quot;ekit_has_onepagescroll_dot&quot;:&quot;yes&quot;}\">\n\t\t\t\t\t\t<div class=\"elementor-container elementor-column-gap-default\">\n\t\t\t\t\t<div class=\"elementor-column elementor-col-66 elementor-top-column elementor-element elementor-element-5246cfc5\" data-id=\"5246cfc5\" data-element_type=\"column\">\n\t\t\t<div class=\"elementor-widget-wrap elementor-element-populated\">\n\t\t\t\t\t\t<div class=\"elementor-element elementor-element-4c8ebb18 elementor-posts--show-thumbnail elementor-widget elementor-widget-posts\" data-id=\"4c8ebb18\" data-element_type=\"widget\" data-settings=\"{&quot;full_content_row_gap&quot;:{&quot;unit&quot;:&quot;px&quot;,&quot;size&quot;:35,&quot;sizes&quot;:[]},&quot;ekit_we_effect_on&quot;:&quot;none&quot;}\" data-widget_type=\"posts.full_content\">\n\t\t\t\t<div class=\"elementor-widget-container\">\n\t\t\t\t\t\t\t<div class=\"elementor-posts-container elementor-posts elementor-posts--skin-full_content elementor-grid\" role=\"list\">\n\t\t\t\t<article class=\"elementor-post elementor-grid-item post-181 post type-post status-publish format-standard has-post-thumbnail hentry category-priere\" role=\"listitem\">\n\t\t\t\t<a class=\"elementor-post__thumbnail__link\" href=\"https:\/\/mission-romualdarlette.fr\/index.php\/2026\/01\/06\/intercession-oecumenique-en-ligne\/\" tabindex=\"-1\" >\n\t\t<div class=\"elementor-post__thumbnail\"><img fetchpriority=\"high\" decoding=\"async\" width=\"683\" height=\"1024\" src=\"https:\/\/mission-romualdarlette.fr\/wp-content\/uploads\/2026\/01\/priere-683x1024.jpg\" class=\"attachment-large size-large wp-image-182\" alt=\"\" srcset=\"https:\/\/mission-romualdarlette.fr\/wp-content\/uploads\/2026\/01\/priere-683x1024.jpg 683w, https:\/\/mission-romualdarlette.fr\/wp-content\/uploads\/2026\/01\/priere-200x300.jpg 200w, https:\/\/mission-romualdarlette.fr\/wp-content\/uploads\/2026\/01\/priere-768x1152.jpg 768w, https:\/\/mission-romualdarlette.fr\/wp-content\/uploads\/2026\/01\/priere-1024x1536.jpg 1024w, https:\/\/mission-romualdarlette.fr\/wp-content\/uploads\/2026\/01\/priere-1365x2048.jpg 1365w, https:\/\/mission-romualdarlette.fr\/wp-content\/uploads\/2026\/01\/priere-scaled.jpg 1707w\" sizes=\"(max-width: 683px) 100vw, 683px\" \/><\/div>\n\t\t<\/a>\n\t\t\t\t<div class=\"elementor-post__text\">\n\t\t\t\t<h2 class=\"elementor-post__title\">\n\t\t\t<a href=\"https:\/\/mission-romualdarlette.fr\/index.php\/2026\/01\/06\/intercession-oecumenique-en-ligne\/\" >\n\t\t\t\t21-23 Janvier 2026 &#8211; Intercession \u0153cum\u00e9nique en ligne\t\t\t<\/a>\n\t\t<\/h2>\n\t\t\t\t<div class=\"elementor-post__meta-data\">\n\t\t\t\t\t<span class=\"elementor-post-date\">\n\t\t\t6 janvier 2026\t\t<\/span>\n\t\t\t\t<span class=\"elementor-post-avatar\">\n\t\t\tAucun commentaire\t\t<\/span>\n\t\t\t\t<\/div>\n\t\t\n<p>Participer au temps d\u2019<strong>intercession \u0153cum\u00e9nique en ligne<\/strong>, qui se d\u00e9roulera :<\/p>\n\n\n\n<p>\ud83d\udcc5 <strong>Du 21 au 23 janvier 2026<\/strong><br>\ud83d\udcbb <strong>En ligne<\/strong><\/p>\n\n\n\n<p>Ensemble, Catholiques et Protestants se tiendront devant la face du Seigneur dans un esprit de communion fraternelle afin d&rsquo;interc\u00e9der.<\/p>\n\n\n\n<p>\ud83d\udc49 <strong>L\u2019inscription est obligatoire<\/strong> via \u00e0 l\u2019adresse suivante : <strong><a href=\"contact@mission-romualdarlette.fr\">contact@mission-romualdarlette.fr<\/a><\/strong><\/p>\n\n\n\n<p><\/p>\n\n\n\n<p><\/p>\n\t\t<\/div>\n\t\t\t\t<\/article>\n\t\t\t\t<article class=\"elementor-post elementor-grid-item post-178 post type-post status-publish format-standard has-post-thumbnail hentry category-rencontres\" role=\"listitem\">\n\t\t\t\t<a class=\"elementor-post__thumbnail__link\" href=\"https:\/\/mission-romualdarlette.fr\/index.php\/2026\/01\/06\/rencontre-nationale-des-couples-mixtes\/\" tabindex=\"-1\" >\n\t\t<div class=\"elementor-post__thumbnail\"><img decoding=\"async\" width=\"1024\" height=\"683\" src=\"https:\/\/mission-romualdarlette.fr\/wp-content\/uploads\/2026\/01\/rencontre_couples-1024x683.jpg\" class=\"attachment-large size-large wp-image-180\" alt=\"\" srcset=\"https:\/\/mission-romualdarlette.fr\/wp-content\/uploads\/2026\/01\/rencontre_couples-1024x683.jpg 1024w, https:\/\/mission-romualdarlette.fr\/wp-content\/uploads\/2026\/01\/rencontre_couples-300x200.jpg 300w, https:\/\/mission-romualdarlette.fr\/wp-content\/uploads\/2026\/01\/rencontre_couples-768x512.jpg 768w, https:\/\/mission-romualdarlette.fr\/wp-content\/uploads\/2026\/01\/rencontre_couples-1536x1024.jpg 1536w, https:\/\/mission-romualdarlette.fr\/wp-content\/uploads\/2026\/01\/rencontre_couples-2048x1365.jpg 2048w\" sizes=\"(max-width: 1024px) 100vw, 1024px\" \/><\/div>\n\t\t<\/a>\n\t\t\t\t<div class=\"elementor-post__text\">\n\t\t\t\t<h2 class=\"elementor-post__title\">\n\t\t\t<a href=\"https:\/\/mission-romualdarlette.fr\/index.php\/2026\/01\/06\/rencontre-nationale-des-couples-mixtes\/\" >\n\t\t\t\t31 Janvier 2026 &#8211; Rencontre nationale des couples mixtes\t\t\t<\/a>\n\t\t<\/h2>\n\t\t\t\t<div class=\"elementor-post__meta-data\">\n\t\t\t\t\t<span class=\"elementor-post-date\">\n\t\t\t6 janvier 2026\t\t<\/span>\n\t\t\t\t<span class=\"elementor-post-avatar\">\n\t\t\tAucun commentaire\t\t<\/span>\n\t\t\t\t<\/div>\n\t\t\n<p>Avec l&rsquo;AFFMIC 2026 :<\/p>\n\n\n\n<p>Participons \u00e0 la <strong>Rencontre nationale des couples mixtes Catholiques Protestants<\/strong>, qui se tiendra :<\/p>\n\n\n\n<p>\ud83d\udcc5 <strong>Le 31 janvier 2026<\/strong><br>\ud83d\udccd <strong>27 rue de l&rsquo;Annonciation, 75016 Paris<\/strong><\/p>\n\n\n\n<p>Cette journ\u00e9e sera un temps privil\u00e9gi\u00e9 de rencontre, de partage, d\u2019\u00e9change et d\u2019encouragement pour les couples vivant la richesse et les d\u00e9fis d\u2019un foyer interconfessionnel.<\/p>\n\n\n\n<p>\ud83d\udc49 <strong>L\u2019inscription est obligatoire<\/strong> et se fait via le lien suivant :<br><a href=\"https:\/\/affmic.org\/\">https:\/\/affmic.org\/<\/a><\/p>\n\n\n\n<p><\/p>\n\n\n\n<p><\/p>\n\n\n\n<p><\/p>\n\t\t<\/div>\n\t\t\t\t<\/article>\n\t\t\t\t<\/div>\n\t\t\n\t\t\t\t\t\t<\/div>\n\t\t\t\t<\/div>\n\t\t\t\t\t<\/div>\n\t\t<\/div>\n\t\t\t\t<div class=\"elementor-column elementor-col-33 elementor-top-column elementor-element elementor-element-8b76356\" data-id=\"8b76356\" data-element_type=\"column\">\n\t\t\t<div class=\"elementor-widget-wrap\">\n\t\t\t\t\t\t\t<\/div>\n\t\t<\/div>\n\t\t\t\t\t<\/div>\n\t\t<\/section>\n\t\t\t\t<\/div>\n\t\t","protected":false},"excerpt":{"rendered":"<p>Actualit\u00e9s<\/p>\n","protected":false},"author":2,"featured_media":0,"parent":0,"menu_order":0,"comment_status":"closed","ping_status":"closed","template":"elementor_header_footer","meta":{"site-sidebar-layout":"no-sidebar","site-content-layout":"","ast-site-content-layout":"full-width-container","site-content-style":"default","site-sidebar-style":"default","ast-global-header-display":"","ast-banner-title-visibility":"","ast-main-header-display":"","ast-hfb-above-header-display":"","ast-hfb-below-header-display":"","ast-hfb-mobile-header-display":"","site-post-title":"","ast-breadcrumbs-content":"","ast-featured-img":"disabled","footer-sml-layout":"","ast-disable-related-posts":"","theme-transparent-header-meta":"","adv-header-id-meta":"","stick-header-meta":"","header-above-stick-meta":"","header-main-stick-meta":"","header-below-stick-meta":"","astra-migrate-meta-layouts":"default","ast-page-background-enabled":"default","ast-page-background-meta":{"desktop":{"background-color":"var(--ast-global-color-5)","background-image":"","background-repeat":"repeat","background-position":"center center","background-size":"auto","background-attachment":"scroll","background-type":"","background-media":"","overlay-type":"","overlay-color":"","overlay-opacity":"","overlay-gradient":""},"tablet":{"background-color":"","background-image":"","background-repeat":"repeat","background-position":"center center","background-size":"auto","background-attachment":"scroll","background-type":"","background-media":"","overlay-type":"","overlay-color":"","overlay-opacity":"","overlay-gradient":""},"mobile":{"background-color":"","background-image":"","background-repeat":"repeat","background-position":"center center","background-size":"auto","background-attachment":"scroll","background-type":"","background-media":"","overlay-type":"","overlay-color":"","overlay-opacity":"","overlay-gradient":""}},"ast-content-background-meta":{"desktop":{"background-color":"var(--ast-global-color-4)","background-image":"","background-repeat":"repeat","background-position":"center center","background-size":"auto","background-attachment":"scroll","background-type":"","background-media":"","overlay-type":"","overlay-color":"","overlay-opacity":"","overlay-gradient":""},"tablet":{"background-color":"var(--ast-global-color-4)","background-image":"","background-repeat":"repeat","background-position":"center center","background-size":"auto","background-attachment":"scroll","background-type":"","background-media":"","overlay-type":"","overlay-color":"","overlay-opacity":"","overlay-gradient":""},"mobile":{"background-color":"var(--ast-global-color-4)","background-image":"","background-repeat":"repeat","background-position":"center center","background-size":"auto","background-attachment":"scroll","background-type":"","background-media":"","overlay-type":"","overlay-color":"","overlay-opacity":"","overlay-gradient":""}},"footnotes":""},"class_list":["post-494","page","type-page","status-publish","hentry"],"yoast_head":"<!-- This site is optimized with the Yoast SEO Premium plugin v26.6 (Yoast SEO v26.6) - https:\/\/yoast.com\/wordpress\/plugins\/seo\/ -->\n<title>Actualit\u00e9s - Mission Romuald Arlette<\/title>\n<meta name=\"robots\" content=\"index, follow, max-snippet:-1, max-image-preview:large, max-video-preview:-1\" \/>\n<link rel=\"canonical\" href=\"https:\/\/mission-romualdarlette.fr\/index.php\/actualites\/\" \/>\n<meta property=\"og:locale\" content=\"fr_FR\" \/>\n<meta property=\"og:type\" content=\"article\" \/>\n<meta property=\"og:title\" content=\"Actualit\u00e9s\" \/>\n<meta property=\"og:description\" content=\"Actualit\u00e9s\" \/>\n<meta property=\"og:url\" content=\"https:\/\/mission-romualdarlette.fr\/index.php\/actualites\/\" \/>\n<meta property=\"og:site_name\" content=\"Mission Romuald Arlette\" \/>\n<meta property=\"article:modified_time\" content=\"2026-01-13T10:06:59+00:00\" \/>\n<meta property=\"og:image\" content=\"https:\/\/mission-romualdarlette.fr\/wp-content\/uploads\/2026\/01\/logo_mra_rectangle.png\" \/>\n\t<meta property=\"og:image:width\" content=\"1920\" \/>\n\t<meta property=\"og:image:height\" content=\"1080\" \/>\n\t<meta property=\"og:image:type\" content=\"image\/png\" \/>\n<meta name=\"twitter:card\" content=\"summary_large_image\" \/>\n<meta name=\"twitter:label1\" content=\"Dur\u00e9e de lecture estim\u00e9e\" \/>\n\t<meta name=\"twitter:data1\" content=\"1 minute\" \/>\n<script type=\"application\/ld+json\" class=\"yoast-schema-graph\">{\"@context\":\"https:\/\/schema.org\",\"@graph\":[{\"@type\":\"WebPage\",\"@id\":\"https:\/\/mission-romualdarlette.fr\/index.php\/actualites\/\",\"url\":\"https:\/\/mission-romualdarlette.fr\/index.php\/actualites\/\",\"name\":\"Actualit\u00e9s - Mission Romuald Arlette\",\"isPartOf\":{\"@id\":\"https:\/\/mission-romualdarlette.fr\/#website\"},\"datePublished\":\"2026-01-07T19:42:29+00:00\",\"dateModified\":\"2026-01-13T10:06:59+00:00\",\"breadcrumb\":{\"@id\":\"https:\/\/mission-romualdarlette.fr\/index.php\/actualites\/#breadcrumb\"},\"inLanguage\":\"fr-FR\",\"potentialAction\":[{\"@type\":\"ReadAction\",\"target\":[\"https:\/\/mission-romualdarlette.fr\/index.php\/actualites\/\"]}]},{\"@type\":\"BreadcrumbList\",\"@id\":\"https:\/\/mission-romualdarlette.fr\/index.php\/actualites\/#breadcrumb\",\"itemListElement\":[{\"@type\":\"ListItem\",\"position\":1,\"name\":\"Accueil\",\"item\":\"https:\/\/mission-romualdarlette.fr\/\"},{\"@type\":\"ListItem\",\"position\":2,\"name\":\"Actualit\u00e9s\"}]},{\"@type\":\"WebSite\",\"@id\":\"https:\/\/mission-romualdarlette.fr\/#website\",\"url\":\"https:\/\/mission-romualdarlette.fr\/\",\"name\":\"Mission Romuald Arlette\",\"description\":\"\",\"publisher\":{\"@id\":\"https:\/\/mission-romualdarlette.fr\/#organization\"},\"potentialAction\":[{\"@type\":\"SearchAction\",\"target\":{\"@type\":\"EntryPoint\",\"urlTemplate\":\"https:\/\/mission-romualdarlette.fr\/?s={search_term_string}\"},\"query-input\":{\"@type\":\"PropertyValueSpecification\",\"valueRequired\":true,\"valueName\":\"search_term_string\"}}],\"inLanguage\":\"fr-FR\"},{\"@type\":\"Organization\",\"@id\":\"https:\/\/mission-romualdarlette.fr\/#organization\",\"name\":\"Mission Romuald Arlette\",\"url\":\"https:\/\/mission-romualdarlette.fr\/\",\"logo\":{\"@type\":\"ImageObject\",\"inLanguage\":\"fr-FR\",\"@id\":\"https:\/\/mission-romualdarlette.fr\/#\/schema\/logo\/image\/\",\"url\":\"https:\/\/mission-romualdarlette.fr\/wp-content\/uploads\/2026\/01\/logo_mra_rectangle.png\",\"contentUrl\":\"https:\/\/mission-romualdarlette.fr\/wp-content\/uploads\/2026\/01\/logo_mra_rectangle.png\",\"width\":1920,\"height\":1080,\"caption\":\"Mission Romuald Arlette\"},\"image\":{\"@id\":\"https:\/\/mission-romualdarlette.fr\/#\/schema\/logo\/image\/\"},\"publishingPrinciples\":\"https:\/\/mission-romualdarlette.fr\/index.php\/politique-de-confidentialite\/\"}]}<\/script>\n<!-- \/ Yoast SEO Premium plugin. -->","yoast_head_json":{"title":"Actualit\u00e9s - Mission Romuald Arlette","robots":{"index":"index","follow":"follow","max-snippet":"max-snippet:-1","max-image-preview":"max-image-preview:large","max-video-preview":"max-video-preview:-1"},"canonical":"https:\/\/mission-romualdarlette.fr\/index.php\/actualites\/","og_locale":"fr_FR","og_type":"article","og_title":"Actualit\u00e9s","og_description":"Actualit\u00e9s","og_url":"https:\/\/mission-romualdarlette.fr\/index.php\/actualites\/","og_site_name":"Mission Romuald Arlette","article_modified_time":"2026-01-13T10:06:59+00:00","og_image":[{"width":1920,"height":1080,"url":"https:\/\/mission-romualdarlette.fr\/wp-content\/uploads\/2026\/01\/logo_mra_rectangle.png","type":"image\/png"}],"twitter_card":"summary_large_image","twitter_misc":{"Dur\u00e9e de lecture estim\u00e9e":"1 minute"},"schema":{"@context":"https:\/\/schema.org","@graph":[{"@type":"WebPage","@id":"https:\/\/mission-romualdarlette.fr\/index.php\/actualites\/","url":"https:\/\/mission-romualdarlette.fr\/index.php\/actualites\/","name":"Actualit\u00e9s - Mission Romuald Arlette","isPartOf":{"@id":"https:\/\/mission-romualdarlette.fr\/#website"},"datePublished":"2026-01-07T19:42:29+00:00","dateModified":"2026-01-13T10:06:59+00:00","breadcrumb":{"@id":"https:\/\/mission-romualdarlette.fr\/index.php\/actualites\/#breadcrumb"},"inLanguage":"fr-FR","potentialAction":[{"@type":"ReadAction","target":["https:\/\/mission-romualdarlette.fr\/index.php\/actualites\/"]}]},{"@type":"BreadcrumbList","@id":"https:\/\/mission-romualdarlette.fr\/index.php\/actualites\/#breadcrumb","itemListElement":[{"@type":"ListItem","position":1,"name":"Accueil","item":"https:\/\/mission-romualdarlette.fr\/"},{"@type":"ListItem","position":2,"name":"Actualit\u00e9s"}]},{"@type":"WebSite","@id":"https:\/\/mission-romualdarlette.fr\/#website","url":"https:\/\/mission-romualdarlette.fr\/","name":"Mission Romuald Arlette","description":"","publisher":{"@id":"https:\/\/mission-romualdarlette.fr\/#organization"},"potentialAction":[{"@type":"SearchAction","target":{"@type":"EntryPoint","urlTemplate":"https:\/\/mission-romualdarlette.fr\/?s={search_term_string}"},"query-input":{"@type":"PropertyValueSpecification","valueRequired":true,"valueName":"search_term_string"}}],"inLanguage":"fr-FR"},{"@type":"Organization","@id":"https:\/\/mission-romualdarlette.fr\/#organization","name":"Mission Romuald Arlette","url":"https:\/\/mission-romualdarlette.fr\/","logo":{"@type":"ImageObject","inLanguage":"fr-FR","@id":"https:\/\/mission-romualdarlette.fr\/#\/schema\/logo\/image\/","url":"https:\/\/mission-romualdarlette.fr\/wp-content\/uploads\/2026\/01\/logo_mra_rectangle.png","contentUrl":"https:\/\/mission-romualdarlette.fr\/wp-content\/uploads\/2026\/01\/logo_mra_rectangle.png","width":1920,"height":1080,"caption":"Mission Romuald Arlette"},"image":{"@id":"https:\/\/mission-romualdarlette.fr\/#\/schema\/logo\/image\/"},"publishingPrinciples":"https:\/\/mission-romualdarlette.fr\/index.php\/politique-de-confidentialite\/"}]}},"_links":{"self":[{"href":"https:\/\/mission-romualdarlette.fr\/index.php\/wp-json\/wp\/v2\/pages\/494","targetHints":{"allow":["GET"]}}],"collection":[{"href":"https:\/\/mission-romualdarlette.fr\/index.php\/wp-json\/wp\/v2\/pages"}],"about":[{"href":"https:\/\/mission-romualdarlette.fr\/index.php\/wp-json\/wp\/v2\/types\/page"}],"author":[{"embeddable":true,"href":"https:\/\/mission-romualdarlette.fr\/index.php\/wp-json\/wp\/v2\/users\/2"}],"replies":[{"embeddable":true,"href":"https:\/\/mission-romualdarlette.fr\/index.php\/wp-json\/wp\/v2\/comments?post=494"}],"version-history":[{"count":19,"href":"https:\/\/mission-romualdarlette.fr\/index.php\/wp-json\/wp\/v2\/pages\/494\/revisions"}],"predecessor-version":[{"id":830,"href":"https:\/\/mission-romualdarlette.fr\/index.php\/wp-json\/wp\/v2\/pages\/494\/revisions\/830"}],"wp:attachment":[{"href":"https:\/\/mission-romualdarlette.fr\/index.php\/wp-json\/wp\/v2\/media?parent=494"}],"curies":[{"name":"wp","href":"https:\/\/api.w.org\/{rel}","templated":true}]}}