{"id":17,"date":"2026-01-05T19:34:04","date_gmt":"2026-01-05T18:34:04","guid":{"rendered":"https:\/\/mission-romualdarlette.fr\/?page_id=17"},"modified":"2026-01-08T18:58:30","modified_gmt":"2026-01-08T17:58:30","slug":"mentions-legales","status":"publish","type":"page","link":"https:\/\/mission-romualdarlette.fr\/index.php\/mentions-legales\/","title":{"rendered":"Mentions L\u00e9gales"},"content":{"rendered":"\t\t<div data-elementor-type=\"wp-page\" data-elementor-id=\"17\" class=\"elementor elementor-17\" data-elementor-post-type=\"page\">\n\t\t\t\t\t\t<section class=\"elementor-section elementor-top-section elementor-element elementor-element-292e74b5 elementor-section-boxed elementor-section-height-default elementor-section-height-default\" data-id=\"292e74b5\" data-element_type=\"section\" data-settings=\"{&quot;background_background&quot;:&quot;classic&quot;,&quot;ekit_has_onepagescroll_dot&quot;:&quot;yes&quot;}\">\n\t\t\t\t\t\t\t<div class=\"elementor-background-overlay\"><\/div>\n\t\t\t\t\t\t\t<div class=\"elementor-container elementor-column-gap-default\">\n\t\t\t\t\t<div class=\"elementor-column elementor-col-100 elementor-top-column elementor-element elementor-element-42db5720\" data-id=\"42db5720\" data-element_type=\"column\">\n\t\t\t<div class=\"elementor-widget-wrap elementor-element-populated\">\n\t\t\t\t\t\t<div class=\"elementor-element elementor-element-f268173 animated-slow elementor-invisible elementor-widget elementor-widget-heading\" data-id=\"f268173\" data-element_type=\"widget\" data-settings=\"{&quot;_animation&quot;:&quot;fadeInLeft&quot;,&quot;ekit_we_effect_on&quot;:&quot;none&quot;}\" data-widget_type=\"heading.default\">\n\t\t\t\t\t<h2 class=\"elementor-heading-title elementor-size-default\">Mentions L\u00e9gales<\/h2>\t\t\t\t<\/div>\n\t\t\t\t\t<\/div>\n\t\t<\/div>\n\t\t\t\t\t<\/div>\n\t\t<\/section>\n\t\t\t\t<section class=\"elementor-section elementor-top-section elementor-element elementor-element-51d473ca elementor-section-boxed elementor-section-height-default elementor-section-height-default\" data-id=\"51d473ca\" data-element_type=\"section\" data-settings=\"{&quot;background_background&quot;:&quot;classic&quot;,&quot;ekit_has_onepagescroll_dot&quot;:&quot;yes&quot;}\">\n\t\t\t\t\t\t\t<div class=\"elementor-background-overlay\"><\/div>\n\t\t\t\t\t\t\t<div class=\"elementor-container elementor-column-gap-default\">\n\t\t\t\t\t<div class=\"elementor-column elementor-col-100 elementor-top-column elementor-element elementor-element-40027b70 animated-slow elementor-invisible\" data-id=\"40027b70\" data-element_type=\"column\" data-settings=\"{&quot;background_background&quot;:&quot;classic&quot;,&quot;animation&quot;:&quot;fadeInRight&quot;}\">\n\t\t\t<div class=\"elementor-widget-wrap elementor-element-populated\">\n\t\t\t\t\t\t<div class=\"elementor-element elementor-element-cae7dee elementor-widget elementor-widget-text-editor\" data-id=\"cae7dee\" data-element_type=\"widget\" data-settings=\"{&quot;ekit_we_effect_on&quot;:&quot;none&quot;}\" data-widget_type=\"text-editor.default\">\n\t\t\t\t\t\t\t\t\t<p>Conform\u00e9ment aux dispositions de la loi n\u00b02004-575 du 21 juin 2004 pour la confiance dans l\u2019\u00e9conomie num\u00e9rique, il est pr\u00e9cis\u00e9 aux utilisateurs du site l\u2019identit\u00e9 des diff\u00e9rents intervenants dans le cadre de sa r\u00e9alisation et de son suivi.<\/p>\t\t\t\t\t\t\t\t<\/div>\n\t\t\t\t<div class=\"elementor-element elementor-element-2365e0e elementor-widget elementor-widget-heading\" data-id=\"2365e0e\" data-element_type=\"widget\" data-settings=\"{&quot;ekit_we_effect_on&quot;:&quot;none&quot;}\" data-widget_type=\"heading.default\">\n\t\t\t\t\t<h2 class=\"elementor-heading-title elementor-size-default\">IDENTIFICATION<\/h2>\t\t\t\t<\/div>\n\t\t\t\t<div class=\"elementor-element elementor-element-3a38074 elementor-widget elementor-widget-text-editor\" data-id=\"3a38074\" data-element_type=\"widget\" data-settings=\"{&quot;ekit_we_effect_on&quot;:&quot;none&quot;}\" data-widget_type=\"text-editor.default\">\n\t\t\t\t\t\t\t\t\t<h3 data-start=\"557\" data-end=\"576\">\u00c9diteur du site<\/h3><p data-start=\"578\" data-end=\"786\">Nom : <strong data-start=\"584\" data-end=\"603\">Romuald HOUNGBO<\/strong><br data-start=\"603\" data-end=\"606\" \/>Structure : <strong data-start=\"618\" data-end=\"645\">Mission Romuald Arlette<\/strong><br data-start=\"645\" data-end=\"648\" \/>Statut : <strong data-start=\"657\" data-end=\"681\">Association loi 1901<\/strong><br data-start=\"681\" data-end=\"684\" \/>Adresse : <strong data-start=\"694\" data-end=\"738\">62 rue de Boinville, 78660 Ablis, France<\/strong><br data-start=\"738\" data-end=\"741\" \/>Email : <strong data-start=\"749\" data-end=\"786\"><a class=\"decorated-link cursor-pointer\" rel=\"noopener\" data-start=\"751\" data-end=\"784\">contact@mission-romualdarlette.fr<\/a><\/strong><\/p><h3 data-start=\"788\" data-end=\"821\">Responsable de la publication<\/h3><p data-start=\"823\" data-end=\"842\"><strong data-start=\"823\" data-end=\"842\">Romuald HOUNGBO<\/strong><\/p><h3 data-start=\"844\" data-end=\"859\">H\u00e9bergement<\/h3><p data-start=\"861\" data-end=\"974\">Le site est h\u00e9berg\u00e9 par :<br data-start=\"886\" data-end=\"889\" \/><strong data-start=\"889\" data-end=\"902\">Gandi.net<\/strong><br data-start=\"902\" data-end=\"905\" \/>63-65 boulevard Mass\u00e9na<br data-start=\"928\" data-end=\"931\" \/>75013 Paris \u2013 France<br data-start=\"951\" data-end=\"954\" \/>Site web : gandi.net<\/p>\t\t\t\t\t\t\t\t<\/div>\n\t\t\t\t<div class=\"elementor-element elementor-element-486e516 elementor-widget elementor-widget-heading\" data-id=\"486e516\" data-element_type=\"widget\" data-settings=\"{&quot;ekit_we_effect_on&quot;:&quot;none&quot;}\" data-widget_type=\"heading.default\">\n\t\t\t\t\t<h2 class=\"elementor-heading-title elementor-size-default\">PROPRI\u00c9T\u00c9 INTELLECTUELLE<\/h2>\t\t\t\t<\/div>\n\t\t\t\t<div class=\"elementor-element elementor-element-9fc2622 elementor-widget elementor-widget-text-editor\" data-id=\"9fc2622\" data-element_type=\"widget\" data-settings=\"{&quot;ekit_we_effect_on&quot;:&quot;none&quot;}\" data-widget_type=\"text-editor.default\">\n\t\t\t\t\t\t\t\t\t<p data-start=\"1006\" data-end=\"1157\">L\u2019ensemble du contenu du site (textes, images, graphismes, logos, documents, etc.) est prot\u00e9g\u00e9 par les lois en vigueur sur la propri\u00e9t\u00e9 intellectuelle.<\/p><p data-start=\"1159\" data-end=\"1346\">Toute reproduction, repr\u00e9sentation, modification ou adaptation, totale ou partielle, de tout ou partie des \u00e9l\u00e9ments du site, sans autorisation \u00e9crite pr\u00e9alable, est strictement interdite.<\/p>\t\t\t\t\t\t\t\t<\/div>\n\t\t\t\t<div class=\"elementor-element elementor-element-5c24e5f elementor-widget elementor-widget-heading\" data-id=\"5c24e5f\" data-element_type=\"widget\" data-settings=\"{&quot;ekit_we_effect_on&quot;:&quot;none&quot;}\" data-widget_type=\"heading.default\">\n\t\t\t\t\t<h2 class=\"elementor-heading-title elementor-size-default\">LIMITATION DE REPONSABILIT\u00c9<\/h2>\t\t\t\t<\/div>\n\t\t\t\t<div class=\"elementor-element elementor-element-0ebab37 elementor-widget elementor-widget-text-editor\" data-id=\"0ebab37\" data-element_type=\"widget\" data-settings=\"{&quot;ekit_we_effect_on&quot;:&quot;none&quot;}\" data-widget_type=\"text-editor.default\">\n\t\t\t\t\t\t\t\t\t<p>L\u2019\u00e9diteur s\u2019efforce de fournir sur le site des informations aussi pr\u00e9cises que possible. Toutefois, il ne pourra \u00eatre tenu responsable des omissions, inexactitudes ou carences dans la mise \u00e0 jour.<\/p>\t\t\t\t\t\t\t\t<\/div>\n\t\t\t\t\t<\/div>\n\t\t<\/div>\n\t\t\t\t\t<\/div>\n\t\t<\/section>\n\t\t\t\t<\/div>\n\t\t","protected":false},"excerpt":{"rendered":"<p>Mentions L\u00e9gales Conform\u00e9ment aux dispositions de la loi n\u00b02004-575 du 21 juin 2004 pour la confiance dans l\u2019\u00e9conomie num\u00e9rique, il [&hellip;]<\/p>\n","protected":false},"author":2,"featured_media":0,"parent":0,"menu_order":0,"comment_status":"closed","ping_status":"closed","template":"elementor_header_footer","meta":{"site-sidebar-layout":"no-sidebar","site-content-layout":"","ast-site-content-layout":"full-width-container","site-content-style":"default","site-sidebar-style":"default","ast-global-header-display":"","ast-banner-title-visibility":"","ast-main-header-display":"","ast-hfb-above-header-display":"","ast-hfb-below-header-display":"","ast-hfb-mobile-header-display":"","site-post-title":"","ast-breadcrumbs-content":"","ast-featured-img":"disabled","footer-sml-layout":"","ast-disable-related-posts":"","theme-transparent-header-meta":"","adv-header-id-meta":"","stick-header-meta":"","header-above-stick-meta":"","header-main-stick-meta":"","header-below-stick-meta":"","astra-migrate-meta-layouts":"default","ast-page-background-enabled":"default","ast-page-background-meta":{"desktop":{"background-color":"var(--ast-global-color-5)","background-image":"","background-repeat":"repeat","background-position":"center center","background-size":"auto","background-attachment":"scroll","background-type":"","background-media":"","overlay-type":"","overlay-color":"","overlay-opacity":"","overlay-gradient":""},"tablet":{"background-color":"","background-image":"","background-repeat":"repeat","background-position":"center center","background-size":"auto","background-attachment":"scroll","background-type":"","background-media":"","overlay-type":"","overlay-color":"","overlay-opacity":"","overlay-gradient":""},"mobile":{"background-color":"","background-image":"","background-repeat":"repeat","background-position":"center center","background-size":"auto","background-attachment":"scroll","background-type":"","background-media":"","overlay-type":"","overlay-color":"","overlay-opacity":"","overlay-gradient":""}},"ast-content-background-meta":{"desktop":{"background-color":"var(--ast-global-color-4)","background-image":"","background-repeat":"repeat","background-position":"center center","background-size":"auto","background-attachment":"scroll","background-type":"","background-media":"","overlay-type":"","overlay-color":"","overlay-opacity":"","overlay-gradient":""},"tablet":{"background-color":"var(--ast-global-color-4)","background-image":"","background-repeat":"repeat","background-position":"center center","background-size":"auto","background-attachment":"scroll","background-type":"","background-media":"","overlay-type":"","overlay-color":"","overlay-opacity":"","overlay-gradient":""},"mobile":{"background-color":"var(--ast-global-color-4)","background-image":"","background-repeat":"repeat","background-position":"center center","background-size":"auto","background-attachment":"scroll","background-type":"","background-media":"","overlay-type":"","overlay-color":"","overlay-opacity":"","overlay-gradient":""}},"footnotes":""},"class_list":["post-17","page","type-page","status-publish","hentry"],"yoast_head":"<!-- This site is optimized with the Yoast SEO Premium plugin v26.6 (Yoast SEO v26.6) - https:\/\/yoast.com\/wordpress\/plugins\/seo\/ -->\n<title>Mentions L\u00e9gales - Mission Romuald Arlette<\/title>\n<meta name=\"robots\" content=\"index, follow, max-snippet:-1, max-image-preview:large, max-video-preview:-1\" \/>\n<link rel=\"canonical\" href=\"https:\/\/mission-romualdarlette.fr\/index.php\/mentions-legales\/\" \/>\n<meta property=\"og:locale\" content=\"fr_FR\" \/>\n<meta property=\"og:type\" content=\"article\" \/>\n<meta property=\"og:title\" content=\"Mentions L\u00e9gales\" \/>\n<meta property=\"og:description\" content=\"Mentions L\u00e9gales Conform\u00e9ment aux dispositions de la loi n\u00b02004-575 du 21 juin 2004 pour la confiance dans l\u2019\u00e9conomie num\u00e9rique, il [&hellip;]\" \/>\n<meta property=\"og:url\" content=\"https:\/\/mission-romualdarlette.fr\/index.php\/mentions-legales\/\" \/>\n<meta property=\"og:site_name\" content=\"Mission Romuald Arlette\" \/>\n<meta property=\"article:modified_time\" content=\"2026-01-08T17:58:30+00:00\" \/>\n<meta property=\"og:image\" content=\"https:\/\/mission-romualdarlette.fr\/wp-content\/uploads\/2026\/01\/logo_mra_rectangle.png\" \/>\n\t<meta property=\"og:image:width\" content=\"1920\" \/>\n\t<meta property=\"og:image:height\" content=\"1080\" \/>\n\t<meta property=\"og:image:type\" content=\"image\/png\" \/>\n<meta name=\"twitter:card\" content=\"summary_large_image\" \/>\n<meta name=\"twitter:label1\" content=\"Dur\u00e9e de lecture estim\u00e9e\" \/>\n\t<meta name=\"twitter:data1\" content=\"1 minute\" \/>\n<script type=\"application\/ld+json\" class=\"yoast-schema-graph\">{\"@context\":\"https:\/\/schema.org\",\"@graph\":[{\"@type\":\"WebPage\",\"@id\":\"https:\/\/mission-romualdarlette.fr\/index.php\/mentions-legales\/\",\"url\":\"https:\/\/mission-romualdarlette.fr\/index.php\/mentions-legales\/\",\"name\":\"Mentions L\u00e9gales - Mission Romuald Arlette\",\"isPartOf\":{\"@id\":\"https:\/\/mission-romualdarlette.fr\/#website\"},\"datePublished\":\"2026-01-05T18:34:04+00:00\",\"dateModified\":\"2026-01-08T17:58:30+00:00\",\"breadcrumb\":{\"@id\":\"https:\/\/mission-romualdarlette.fr\/index.php\/mentions-legales\/#breadcrumb\"},\"inLanguage\":\"fr-FR\",\"potentialAction\":[{\"@type\":\"ReadAction\",\"target\":[\"https:\/\/mission-romualdarlette.fr\/index.php\/mentions-legales\/\"]}]},{\"@type\":\"BreadcrumbList\",\"@id\":\"https:\/\/mission-romualdarlette.fr\/index.php\/mentions-legales\/#breadcrumb\",\"itemListElement\":[{\"@type\":\"ListItem\",\"position\":1,\"name\":\"Accueil\",\"item\":\"https:\/\/mission-romualdarlette.fr\/\"},{\"@type\":\"ListItem\",\"position\":2,\"name\":\"Mentions L\u00e9gales\"}]},{\"@type\":\"WebSite\",\"@id\":\"https:\/\/mission-romualdarlette.fr\/#website\",\"url\":\"https:\/\/mission-romualdarlette.fr\/\",\"name\":\"Mission Romuald Arlette\",\"description\":\"\",\"publisher\":{\"@id\":\"https:\/\/mission-romualdarlette.fr\/#organization\"},\"potentialAction\":[{\"@type\":\"SearchAction\",\"target\":{\"@type\":\"EntryPoint\",\"urlTemplate\":\"https:\/\/mission-romualdarlette.fr\/?s={search_term_string}\"},\"query-input\":{\"@type\":\"PropertyValueSpecification\",\"valueRequired\":true,\"valueName\":\"search_term_string\"}}],\"inLanguage\":\"fr-FR\"},{\"@type\":\"Organization\",\"@id\":\"https:\/\/mission-romualdarlette.fr\/#organization\",\"name\":\"Mission Romuald Arlette\",\"url\":\"https:\/\/mission-romualdarlette.fr\/\",\"logo\":{\"@type\":\"ImageObject\",\"inLanguage\":\"fr-FR\",\"@id\":\"https:\/\/mission-romualdarlette.fr\/#\/schema\/logo\/image\/\",\"url\":\"https:\/\/mission-romualdarlette.fr\/wp-content\/uploads\/2026\/01\/logo_mra_rectangle.png\",\"contentUrl\":\"https:\/\/mission-romualdarlette.fr\/wp-content\/uploads\/2026\/01\/logo_mra_rectangle.png\",\"width\":1920,\"height\":1080,\"caption\":\"Mission Romuald Arlette\"},\"image\":{\"@id\":\"https:\/\/mission-romualdarlette.fr\/#\/schema\/logo\/image\/\"},\"publishingPrinciples\":\"https:\/\/mission-romualdarlette.fr\/index.php\/politique-de-confidentialite\/\"}]}<\/script>\n<!-- \/ Yoast SEO Premium plugin. -->","yoast_head_json":{"title":"Mentions L\u00e9gales - Mission Romuald Arlette","robots":{"index":"index","follow":"follow","max-snippet":"max-snippet:-1","max-image-preview":"max-image-preview:large","max-video-preview":"max-video-preview:-1"},"canonical":"https:\/\/mission-romualdarlette.fr\/index.php\/mentions-legales\/","og_locale":"fr_FR","og_type":"article","og_title":"Mentions L\u00e9gales","og_description":"Mentions L\u00e9gales Conform\u00e9ment aux dispositions de la loi n\u00b02004-575 du 21 juin 2004 pour la confiance dans l\u2019\u00e9conomie num\u00e9rique, il [&hellip;]","og_url":"https:\/\/mission-romualdarlette.fr\/index.php\/mentions-legales\/","og_site_name":"Mission Romuald Arlette","article_modified_time":"2026-01-08T17:58:30+00:00","og_image":[{"width":1920,"height":1080,"url":"https:\/\/mission-romualdarlette.fr\/wp-content\/uploads\/2026\/01\/logo_mra_rectangle.png","type":"image\/png"}],"twitter_card":"summary_large_image","twitter_misc":{"Dur\u00e9e de lecture estim\u00e9e":"1 minute"},"schema":{"@context":"https:\/\/schema.org","@graph":[{"@type":"WebPage","@id":"https:\/\/mission-romualdarlette.fr\/index.php\/mentions-legales\/","url":"https:\/\/mission-romualdarlette.fr\/index.php\/mentions-legales\/","name":"Mentions L\u00e9gales - Mission Romuald Arlette","isPartOf":{"@id":"https:\/\/mission-romualdarlette.fr\/#website"},"datePublished":"2026-01-05T18:34:04+00:00","dateModified":"2026-01-08T17:58:30+00:00","breadcrumb":{"@id":"https:\/\/mission-romualdarlette.fr\/index.php\/mentions-legales\/#breadcrumb"},"inLanguage":"fr-FR","potentialAction":[{"@type":"ReadAction","target":["https:\/\/mission-romualdarlette.fr\/index.php\/mentions-legales\/"]}]},{"@type":"BreadcrumbList","@id":"https:\/\/mission-romualdarlette.fr\/index.php\/mentions-legales\/#breadcrumb","itemListElement":[{"@type":"ListItem","position":1,"name":"Accueil","item":"https:\/\/mission-romualdarlette.fr\/"},{"@type":"ListItem","position":2,"name":"Mentions L\u00e9gales"}]},{"@type":"WebSite","@id":"https:\/\/mission-romualdarlette.fr\/#website","url":"https:\/\/mission-romualdarlette.fr\/","name":"Mission Romuald Arlette","description":"","publisher":{"@id":"https:\/\/mission-romualdarlette.fr\/#organization"},"potentialAction":[{"@type":"SearchAction","target":{"@type":"EntryPoint","urlTemplate":"https:\/\/mission-romualdarlette.fr\/?s={search_term_string}"},"query-input":{"@type":"PropertyValueSpecification","valueRequired":true,"valueName":"search_term_string"}}],"inLanguage":"fr-FR"},{"@type":"Organization","@id":"https:\/\/mission-romualdarlette.fr\/#organization","name":"Mission Romuald Arlette","url":"https:\/\/mission-romualdarlette.fr\/","logo":{"@type":"ImageObject","inLanguage":"fr-FR","@id":"https:\/\/mission-romualdarlette.fr\/#\/schema\/logo\/image\/","url":"https:\/\/mission-romualdarlette.fr\/wp-content\/uploads\/2026\/01\/logo_mra_rectangle.png","contentUrl":"https:\/\/mission-romualdarlette.fr\/wp-content\/uploads\/2026\/01\/logo_mra_rectangle.png","width":1920,"height":1080,"caption":"Mission Romuald Arlette"},"image":{"@id":"https:\/\/mission-romualdarlette.fr\/#\/schema\/logo\/image\/"},"publishingPrinciples":"https:\/\/mission-romualdarlette.fr\/index.php\/politique-de-confidentialite\/"}]}},"_links":{"self":[{"href":"https:\/\/mission-romualdarlette.fr\/index.php\/wp-json\/wp\/v2\/pages\/17","targetHints":{"allow":["GET"]}}],"collection":[{"href":"https:\/\/mission-romualdarlette.fr\/index.php\/wp-json\/wp\/v2\/pages"}],"about":[{"href":"https:\/\/mission-romualdarlette.fr\/index.php\/wp-json\/wp\/v2\/types\/page"}],"author":[{"embeddable":true,"href":"https:\/\/mission-romualdarlette.fr\/index.php\/wp-json\/wp\/v2\/users\/2"}],"replies":[{"embeddable":true,"href":"https:\/\/mission-romualdarlette.fr\/index.php\/wp-json\/wp\/v2\/comments?post=17"}],"version-history":[{"count":16,"href":"https:\/\/mission-romualdarlette.fr\/index.php\/wp-json\/wp\/v2\/pages\/17\/revisions"}],"predecessor-version":[{"id":664,"href":"https:\/\/mission-romualdarlette.fr\/index.php\/wp-json\/wp\/v2\/pages\/17\/revisions\/664"}],"wp:attachment":[{"href":"https:\/\/mission-romualdarlette.fr\/index.php\/wp-json\/wp\/v2\/media?parent=17"}],"curies":[{"name":"wp","href":"https:\/\/api.w.org\/{rel}","templated":true}]}}